{"id":51,"date":"2011-11-07T15:00:27","date_gmt":"2011-11-07T15:00:27","guid":{"rendered":"http:\/\/www.smll.fi\/?page_id=51"},"modified":"2024-12-04T21:05:26","modified_gmt":"2024-12-04T21:05:26","slug":"yhteystiedot","status":"publish","type":"page","link":"https:\/\/www.smll.fi\/?page_id=51","title":{"rendered":"Yhteystiedot"},"content":{"rendered":"<p><\/p>\n<h2>Yhteyshenkil\u00f6t<\/h2>\n<table border=\"1\" width=\"100%\" cellpadding=\"4\">\n<tbody>\n<tr>\n<th align=\"left\" width=\"25%\">Teht\u00e4v\u00e4<\/th>\n<th align=\"left\" width=\"22%\">Nimi<\/th>\n<th align=\"left\" width=\"20%\">Puhelin<\/th>\n<th align=\"left\" width=\"33%\">S\u00e4hk\u00f6posti<\/th>\n<\/tr>\n<tr>\n<td colspan=\"2\" align=\"left\">Yleiset kysymykset<\/td>\n<td align=\"left\">\u00a0044-307 5000<\/td>\n<td align=\"left\">info X smll.fi<\/td>\n<\/tr>\n<tr>\n<td colspan=\"2\" align=\"left\">Hallitus<\/td>\n<td align=\"left\">\u00a0<\/td>\n<td align=\"left\">hallitus X smll.fi<\/td>\n<\/tr>\n<tr>\n<td align=\"left\">Puheenjohtaja<\/td>\n<td align=\"left\">Esa Harju<\/td>\n<td align=\"left\">040-8670403<\/td>\n<td align=\"left\">esa.harju X smll.fi<\/td>\n<\/tr>\n<tr>\n<td align=\"left\">Varapuheenjohtaja<\/td>\n<td align=\"left\">Jukka Pekka Kinos<\/td>\n<td align=\"left\">\u00a0<\/td>\n<td align=\"left\">jp.kinos X smll.fi<\/td>\n<\/tr>\n<tr>\n<td align=\"left\">Hallituksen j\u00e4sen<\/td>\n<td align=\"left\">Erkki Herva<\/td>\n<td align=\"left\">\u00a0<\/td>\n<td align=\"left\">erkki.herva X smll.fi<\/td>\n<\/tr>\n<tr>\n<td align=\"left\">Hallituksen j\u00e4sen<\/td>\n<td align=\"left\">Mauri R\u00e4is\u00e4nen<\/td>\n<td align=\"left\">\u00a0<\/td>\n<td align=\"left\">mauri.raisanen X smll.fi<\/td>\n<\/tr>\n<tr>\n<td align=\"left\">Hallituksen j\u00e4sen<\/td>\n<td align=\"left\">Erkki Pulkkinen<\/td>\n<td align=\"left\">\u00a0<\/td>\n<td align=\"left\">erkki.pulkkinen X smll.fi<\/td>\n<\/tr>\n<tr>\n<td align=\"left\">\n<p>Hallituksen j\u00e4sen<\/p>\n<hr \/>\n<p>Hallituksen j\u00e4sen<\/p>\n<\/td>\n<td align=\"left\">\n<p>Jouni Tikka<\/p>\n<hr \/>\n<p>Esa Salminen<\/p>\n<\/td>\n<td align=\"left\">\n<p>\u00a0<\/p>\n<hr \/><\/td>\n<td align=\"left\">\n<p>jouni.tikka X smll.fi<\/p>\n<hr \/>\n<p>esa.salminen X smll.fi<\/p>\n<p>\u00a0<\/p>\n<\/td>\n<\/tr>\n<\/tbody>\n<\/table>\n<h2>Osoitteet<\/h2>\n<table border=\"1\" width=\"100%\" cellpadding=\"4\">\n<tbody>\n<tr>\n<th align=\"left\" width=\"23%\">Posti<\/th>\n<th align=\"left\" width=\"44%\">Vastaanottaja<\/th>\n<th align=\"left\" width=\"33%\">Osoite<\/th>\n<\/tr>\n<tr>\n<td align=\"left\">Kirjeosoite<\/td>\n<td align=\"left\">Suomen Moottorilent\u00e4jien Liitto ry<br \/>c\/o Erkki Pulkkinen<\/td>\n<td align=\"left\">Kuusamontie 1470, 90940 J\u00e4\u00e4li<\/td>\n<\/tr>\n<tr>\n<td align=\"left\">Laskutusosoite<\/td>\n<td align=\"left\">Suomen Moottorilent\u00e4jien Liitto ry<br \/>c\/o Erkki Pulkkinen<\/td>\n<td align=\"left\">Kuusamontie 1470, 90940 J\u00e4\u00e4li<\/td>\n<\/tr>\n<tr>\n<td align=\"left\">\n<p>Toimiston ja koulutustilojen k\u00e4yntiosoite<\/p>\n<p><a href=\"https:\/\/ec.europa.eu\/transparencyregister\/public\/homePage.do?redir=false&amp;locale=en\">Transparency Register ID:<\/a><\/p>\n<\/td>\n<td align=\"left\">\n<p>Suomen Moottorilent\u00e4jien Liitto ry<\/p>\n<p>\u00a0<\/p>\n<p>191032348538-65<\/p>\n<\/td>\n<td align=\"left\">Honkimaantie 1, 90900 Oulu<\/td>\n<\/tr>\n<\/tbody>\n<\/table>\n<p><\/p>\n\n\n<hr class=\"wp-block-separator has-alpha-channel-opacity\"\/>","protected":false},"excerpt":{"rendered":"<p>Yhteyshenkil\u00f6t Teht\u00e4v\u00e4 Nimi Puhelin S\u00e4hk\u00f6posti Yleiset kysymykset \u00a0044-307 5000 info X smll.fi Hallitus \u00a0 hallitus X smll.fi Puheenjohtaja Esa Harju 040-8670403 esa.harju X smll.fi Varapuheenjohtaja Jukka Pekka Kinos \u00a0 jp.kinos X smll.fi Hallituksen j\u00e4sen Erkki Herva \u00a0 erkki.herva X smll.fi Hallituksen j\u00e4sen Mauri R\u00e4is\u00e4nen \u00a0 mauri.raisanen X smll.fi Hallituksen j\u00e4sen Erkki Pulkkinen \u00a0 erkki.pulkkinen X &hellip; <\/p>\n<p><a class=\"more-link btn\" href=\"https:\/\/www.smll.fi\/?page_id=51\">Jatka lukemista<\/a><\/p>\n","protected":false},"author":1,"featured_media":0,"parent":0,"menu_order":3,"comment_status":"closed","ping_status":"closed","template":"","meta":{"footnotes":""},"class_list":["post-51","page","type-page","status-publish","hentry","nodate","item-wrap"],"_links":{"self":[{"href":"https:\/\/www.smll.fi\/index.php?rest_route=\/wp\/v2\/pages\/51","targetHints":{"allow":["GET"]}}],"collection":[{"href":"https:\/\/www.smll.fi\/index.php?rest_route=\/wp\/v2\/pages"}],"about":[{"href":"https:\/\/www.smll.fi\/index.php?rest_route=\/wp\/v2\/types\/page"}],"author":[{"embeddable":true,"href":"https:\/\/www.smll.fi\/index.php?rest_route=\/wp\/v2\/users\/1"}],"replies":[{"embeddable":true,"href":"https:\/\/www.smll.fi\/index.php?rest_route=%2Fwp%2Fv2%2Fcomments&post=51"}],"version-history":[{"count":8,"href":"https:\/\/www.smll.fi\/index.php?rest_route=\/wp\/v2\/pages\/51\/revisions"}],"predecessor-version":[{"id":3456,"href":"https:\/\/www.smll.fi\/index.php?rest_route=\/wp\/v2\/pages\/51\/revisions\/3456"}],"wp:attachment":[{"href":"https:\/\/www.smll.fi\/index.php?rest_route=%2Fwp%2Fv2%2Fmedia&parent=51"}],"curies":[{"name":"wp","href":"https:\/\/api.w.org\/{rel}","templated":true}]}}