{"id":369,"date":"2017-06-11T08:48:21","date_gmt":"2017-06-11T08:48:21","guid":{"rendered":"http:\/\/www.smll.fi\/?page_id=369"},"modified":"2026-02-23T10:42:17","modified_gmt":"2026-02-23T10:42:17","slug":"jasenedut","status":"publish","type":"page","link":"https:\/\/www.smll.fi\/?page_id=369","title":{"rendered":"J\u00e4senedut"},"content":{"rendered":"<p>Suomen Moottorilent\u00e4jien Liitto ry:n j\u00e4senen\u00e4 saat <a href=\"http:\/\/www.smll.fi\/?page_id=1844\">varsinaisen toimintamme<\/a> lis\u00e4ksi paljon rahanarvoisia etuja.<br>Tarkkailemme j\u00e4senetujen tilannetta jatkuvasti, sopivan edun tullen teemme siit\u00e4 sopimuksen ja tiedotamme siit\u00e4 j\u00e4senillemme.<br>On eritt\u00e4in toivottavaa, ett\u00e4 j\u00e4senet my\u00f6s k\u00e4ytt\u00e4isiv\u00e4t etuja aktiivisesti (paitsi vahinkojen sattuminen vakuutuseduissa), koska moniin etuihin liittyy niiden k\u00e4yt\u00f6n seuranta, joka taas vaikuttaa edun jatkuvuuteen. Useimmat eduista ovat mahdollisia vain varsinaisille henkil\u00f6j\u00e4senillemme. Kirjaudu j\u00e4senten foorumille, siell\u00e4 on eduista tarkemmat tiedot, ohjeet ja hinnastot.<\/p>\n\n\n<p><strong>J\u00e4senetuina ovat t\u00e4ll\u00e4 hetkell\u00e4:<\/strong><\/p>\n<ul>\n<li><strong>Polttoaineet ja \u00f6ljyt<\/strong>\n<ul>\n<li><a href=\"https:\/\/www.kanair.fi\/\" target=\"_blank\" rel=\"noopener\">Kanair Oy<\/a> toimittaa ilmailupolttoaineet ja \u00f6ljytuotteet ymp\u00e4ri Suomea kilpailukykyiseen\u00a0 hintaan.<\/li>\n<\/ul>\n<\/li>\n<li><strong>Navigointi<\/strong>:\n<ul>\n<li><a href=\"https:\/\/www.youtube.com\/watch?v=T49hf-W3MuE\" target=\"_blank\" rel=\"noopener\"><strong>EasyVFR<\/strong>, eritt\u00e4in hyv\u00e4 jollei paras lennonsuunnittelu- ja navigointiohjelmisto<\/a> VFR-lent\u00e4j\u00e4lle. Ohjelmisto toimii yleisimmiss\u00e4 mobiililaitteissa sek\u00e4 Mac ja Windows-koneissa. Lue lis\u00e4\u00e4 ja tilaa <a title=\"EasyVFR\" href=\"http:\/\/www.smll.fi\/?page_id=797\" target=\"_self\" rel=\"noopener noreferrer\">EasyVFR tilaussivulta<\/a>\n<ul>\n<li><strong>Huomaathan, ett\u00e4 saat ANC 1:500 000 -kartan EasyVFR4-sovellukseesi<\/strong> j\u00e4senetuhintaan vain 10,- eurolla. Sovelluskaupan normaalihinta on 39,99 \u20ac. <a href=\"https:\/\/easyvfr4.aero\/aopa-finland-members\/\" target=\"_blank\" rel=\"noopener\">Tilaa omasi t\u00e4\u00e4lt\u00e4<\/a> j\u00e4sentunnuksella, jonka l\u00f6yd\u00e4t Cardskipper-sovelluksestasi.<\/li>\n<\/ul>\n<\/li>\n<li><strong>ForeFlight-etu kaikille AOPA-j\u00e4senille<\/strong>\n<ul>\n<li>\n<p>J\u00e4senmaksunsa maksaneet j\u00e4senet saavat 15 % alennuksen yksitt\u00e4isist\u00e4 ForeFlight-tilauksista, ForeFlightin kautta ostetuista Jeppesen-kartoista, kolmannen osapuolen karttalis\u00e4osista ja muusta \u2013 kaikki saatavilla ForeFlightin verkkosivujen kautta.\u00a0AOPA-j\u00e4senen tulee vahvistaa AOPA-j\u00e4senyytens\u00e4 ennen ostoksia tai tilauksen uusintaa <a href=\"https:\/\/foreflight.com\/buy\/eligibility\/iaopa\" target=\"_blank\" rel=\"noopener\">t\u00e4\u00e4ll\u00e4<\/a>.<\/p>\n<\/li>\n<\/ul>\n<\/li>\n<li><strong>Jeppesen-j\u00e4senetu 15%<\/strong>\n<ul>\n<li>SMLL:n j\u00e4senille my\u00f6nnet\u00e4\u00e4n 15% alennus valikoiduita Jeppesen-tuotteista ja palveluista ensimm\u00e4isest\u00e4 tilauksesta l\u00e4htien.\n<ul>\n<li><span class=\"HwtZe\" lang=\"fi\"><span class=\"jCAhz ChMk0b\"><span class=\"ryNqvb\">Paperikartat<\/span><\/span><\/span><\/li>\n<li><span class=\"HwtZe\" lang=\"fi\"><span class=\"jCAhz ChMk0b\"><span class=\"ryNqvb\">S\u00e4hk\u00f6iset kartat<\/span><\/span><\/span><\/li>\n<li><span class=\"HwtZe\" lang=\"fi\">iP<span class=\"jCAhz ChMk0b\"><span class=\"ryNqvb\">ad-sovellukset<\/span><\/span><\/span><\/li>\n<li><span class=\"HwtZe\" lang=\"fi\"><span class=\"jCAhz ChMk0b\"><span class=\"ryNqvb\">Jeppesen-tietokannat (Garmin 430\/530, GTN-sarja, Garmin 1000 jne.)<\/span><\/span><\/span><\/li>\n<li><span class=\"HwtZe\" lang=\"fi\"><span class=\"jCAhz ChMk0b\"><span class=\"ryNqvb\">EASA:n koulutustuotteet<\/span><\/span><\/span><\/li>\n<\/ul>\n<\/li>\n<li><span class=\"HwtZe\" lang=\"fi\">SMLL:n j<span class=\"jCAhz ChMk0b\"><span class=\"ryNqvb\">\u00e4senet voivat ottaa suoraan yhteyden Jeppeseniin hy\u00f6dynt\u00e4\u00e4kseen tarjouksen. Etua varten ota esille j\u00e4sennumerosi, jonka l\u00f6yd\u00e4t j\u00e4senkortistasi &#8211; ilman sit\u00e4 et saa alennusta.<\/span><\/span> Mik\u00e4li et l\u00f6yd\u00e4 j\u00e4sennumeroasi tai tulee jotain kysytt\u00e4v\u00e4\u00e4, ota yhteys osoitteeseen info(a)smll.fi<\/span><\/li>\n<\/ul>\n<\/li>\n<\/ul>\n<\/li>\n<li><strong>Vakuutukset<\/strong>:\n<ul>\n<li><strong>Lentokonevakuutukset<\/strong>, j\u00e4senillemme on tarjolla my\u00f6s edullisia ja kilpailukykyisi\u00e4 lentokonevakuutuksia AOPA-yhteisty\u00f6n\u00e4, t\u00e4yt\u00e4 riskikartoitus <a title=\"Foorumi\" href=\"http:\/\/www.smll.fi\/forum\/\" target=\"_blank\" rel=\"noopener noreferrer\">j\u00e4senfoorumilla<\/a> ja toimi siell\u00e4 olevan ohjeen mukaan. Yhteisty\u00f6kumppaneitamme on mm. Visicover Ltd. jonka esite on <a href=\"http:\/\/www.smll.fi\/wp-content\/uploads\/2018\/10\/Visicover-Overview-Poster.pdf\">t\u00e4\u00e4ll\u00e4<\/a>.<\/li>\n<\/ul>\n<\/li>\n<li><strong>Lehtitilaukset<\/strong>:\n<ul>\n<li><strong>Siivet-lehti<\/strong> tarjoaa monipuolista ja kiinnostavaa luettavaa yleis- ja harrasteilmailijoille. J\u00e4senillemme on erikoishinnat, lue lis\u00e4\u00e4 ja tilaa: <a title=\"Siivet-lehti\" href=\"http:\/\/www.smll.fi\/?page_id=81\" target=\"_self\" rel=\"noopener noreferrer\">Lehtien tilaussivu<\/a><\/li>\n<li><strong>AOPA-Pilot, Flight Training ja AOPA-Online<\/strong> tarjoavat monipuolista ja kiinnostavaa luettavaa yleis- ja harrasteilmailijoille. Lehti on tilattavissa ainoastaan digitaalisena versiona. J\u00e4senillemme on erikoishinnat, lue lis\u00e4\u00e4 ja tilaa <a title=\"Siivet-lehti\" href=\"http:\/\/www.smll.fi\/?page_id=81\" target=\"_self\" rel=\"noopener noreferrer\">lehtien tilaussivulta<\/a><\/li>\n<\/ul>\n<\/li>\n<li><strong>Koulutus<\/strong>:\n<ul>\n<li><strong>Suomen Ilmailupalvelut Oy<\/strong> tarjoaa teoriapuolen koulutusta\/kursseja verkon yli et\u00e4n\u00e4 ajankohtaisiin aiheisiin liittyen. J\u00e4senillemme on erikoishinnat, katso kurssiaikataulut <a title=\"ilmailupalvelut.fi\" href=\"http:\/\/ilmailupalvelut.fi\" target=\"_blank\" rel=\"noopener noreferrer\">www.ilmailupalvelut.fi<\/a> ja lue lis\u00e4\u00e4 <a title=\"Foorumi\" href=\"http:\/\/www.smll.fi\/forum\/\" target=\"_blank\" rel=\"noopener noreferrer\">J\u00e4senfoorumilta<\/a><\/li>\n<\/ul>\n<\/li>\n<li><strong>Tietoturva<\/strong>:\n<ul>\n<li><strong>F-Secure Safe<\/strong> tarjoaa todenn\u00e4k\u00f6isesti maailman parasta tietoturvaa PC- ja Mac-tietokoneille, \u00e4lypuhelimille ja tableteille. J\u00e4senillemme on erikoishinnat, lue lis\u00e4\u00e4 <a title=\"Foorumi\" href=\"http:\/\/www.smll.fi\/forum\/\" target=\"_blank\" rel=\"noopener noreferrer\">J\u00e4senfoorumilta<\/a><\/li>\n<\/ul>\n<\/li>\n<li><strong>Kulkuv\u00e4lineet<\/strong>:\n<ul>\n<li><strong>Brompton taittopy\u00f6r\u00e4t<\/strong> ovat ratkaisu ilmailijan kulkuv\u00e4lineeksi kun kone j\u00e4\u00e4 parkkiin ja matkaa on jatkettava maata pitkin. J\u00e4senillemme on erikoishinnat, lue lis\u00e4\u00e4 <a title=\"Foorumi\" href=\"http:\/\/www.smll.fi\/forum\/\" target=\"_blank\" rel=\"noopener noreferrer\">j\u00e4senfoorumilta<\/a><\/li>\n<\/ul>\n<\/li>\n<li><strong>SIXT autovuokraus<\/strong>:\n<ul>\n<li>Tarjoukset sis\u00e4lt\u00e4v\u00e4t reilut edut kiinteill\u00e4 erikoishinnoilla sek\u00e4 hyv\u00e4n alennuksen kaikille matkoille. Lue lis\u00e4\u00e4 <a title=\"Foorumi\" href=\"http:\/\/www.smll.fi\/forum\/\" target=\"_blank\" rel=\"noopener noreferrer\">j\u00e4senfoorumilta<\/a><\/li>\n<\/ul>\n<\/li>\n<\/ul>\n\n<div class=\"wp-block-image\">\n<figure class=\"aligncenter size-full\"><img loading=\"lazy\" decoding=\"async\" width=\"300\" height=\"213\" src=\"http:\/\/www.smll.fi\/wp-content\/uploads\/2024\/03\/jeppesen_300x213.gif\" alt=\"\" class=\"wp-image-3379\"\/><\/figure><\/div>\n\n<div class=\"wp-block-image\">\n<figure class=\"aligncenter size-full\"><img loading=\"lazy\" decoding=\"async\" width=\"166\" height=\"56\" src=\"http:\/\/www.smll.fi\/wp-content\/uploads\/2021\/03\/Visicover.png\" alt=\"\" class=\"wp-image-2938\"\/><figcaption class=\"wp-element-caption\"><a href=\"https:\/\/visicover.com\/EU\/\" target=\"_blank\" rel=\"noreferrer noopener\">https:\/\/visicover.com\/EU\/<\/a><\/figcaption><\/figure><\/div>\n\n<div class=\"wp-block-image\">\n<figure class=\"aligncenter size-full\"><a href=\"https:\/\/www.sixt.com\/partners\/aopa\/\" target=\"_blank\" rel=\"noreferrer noopener\"><img loading=\"lazy\" decoding=\"async\" width=\"200\" height=\"112\" src=\"http:\/\/www.smll.fi\/wp-content\/uploads\/2024\/03\/Logo-sixt_200x112.jpg\" alt=\"\" class=\"wp-image-3378\"\/><\/a><\/figure><\/div>\n\n\n<h2 class=\"wp-block-heading has-text-align-center\"><strong>Lis\u00e4ksi kaikille ilmailijoille ilmaiseksi<\/strong>!<\/h2>\n\n\n<div class=\"wp-block-image\">\n<figure class=\"aligncenter size-large\"><a href=\"https:\/\/www.openflightmaps.org\/ef-finland\/?airac=2105&amp;language=local\" target=\"_blank\" rel=\"noopener noreferrer\"><img loading=\"lazy\" decoding=\"async\" width=\"1024\" height=\"429\" src=\"http:\/\/www.smll.fi\/wp-content\/uploads\/2021\/03\/OFMA2-1024x429.jpg\" alt=\"\" class=\"wp-image-2890\" srcset=\"https:\/\/www.smll.fi\/wp-content\/uploads\/2021\/03\/OFMA2-1024x429.jpg 1024w, https:\/\/www.smll.fi\/wp-content\/uploads\/2021\/03\/OFMA2-300x126.jpg 300w, https:\/\/www.smll.fi\/wp-content\/uploads\/2021\/03\/OFMA2-768x322.jpg 768w, https:\/\/www.smll.fi\/wp-content\/uploads\/2021\/03\/OFMA2-750x314.jpg 750w, https:\/\/www.smll.fi\/wp-content\/uploads\/2021\/03\/OFMA2.jpg 1117w\" sizes=\"auto, (max-width: 1024px) 100vw, 1024px\" \/><\/a><figcaption class=\"wp-element-caption\">Open Flightmaps-kartat<\/figcaption><\/figure><\/div>\n\n\n<ul class=\"wp-block-list\">\n<li>T\u00e4ysin vapaaehtoisty\u00f6n\u00e4 korvauksetta ja kaikille ilmaisena palveluna SMLL yll\u00e4pit\u00e4\u00e4 <a href=\"https:\/\/www.openflightmaps.org\/ef-finland\/?airac=2105&amp;language=local\" data-type=\"URL\" data-id=\"https:\/\/www.openflightmaps.org\/ef-finland\/?airac=2105&amp;language=local\" target=\"_blank\" rel=\"noreferrer noopener\">Suomen openflightsmaps-ilmailukarttaa<\/a> Suomen ilmatilasta.<\/li>\n\n\n\n<li>Voit tulostaa itse&nbsp; tarvitsemasi ilmailukartan osan omalla tulostimellasi&nbsp; tai tilata kaikki karttalehdet SMLL;st\u00e4.<\/li>\n\n\n\n<li>Voit my\u00f6s ladata karttalehden tiedoston ja vied\u00e4 sen johonkin tulostuspalveluun tulostettavaksi,<\/li>\n\n\n\n<li>Alla hinnasto SMLL:n kautta tilattaville kartoille, l\u00e4hetyksen pakkaus- ja postikulut lis\u00e4t\u00e4\u00e4n hintoihin:<\/li>\n<\/ul>\n\n\n\n<figure class=\"wp-block-table\"><table><tbody><tr><td><\/td><td><strong>Karttalehdet, 7 kpl<\/strong> &#8211; <strong>Hinta tilaajalle Oulussa 65,00 \u20ac<\/strong> &#8211; Lis\u00e4ksi posti- ja pakkauskulut 10,- \u20ac &#8211; tilaus osoitteeseen info(a)smll.fi<\/td><\/tr><tr><td>Helsinki East<\/td><td><\/td><\/tr><tr><td>Ivalo<\/td><td>&nbsp;<\/td><\/tr><tr><td>Kuopio<\/td><td>&nbsp;<\/td><\/tr><tr><td>Oulu<\/td><td>&nbsp;<\/td><\/tr><tr><td>Rovaniemi<\/td><td>&nbsp;<\/td><\/tr><tr><td>Vaasa<\/td><td>&nbsp;<\/td><\/tr><tr><td>Helsinki West<\/td><td>&nbsp;<\/td><\/tr><tr><td>&nbsp;<\/td><\/tr><\/tbody><\/table><\/figure>\n\n\n\n<p><\/p>","protected":false},"excerpt":{"rendered":"<p>Suomen Moottorilent\u00e4jien Liitto ry:n j\u00e4senen\u00e4 saat varsinaisen toimintamme lis\u00e4ksi paljon rahanarvoisia etuja.Tarkkailemme j\u00e4senetujen tilannetta jatkuvasti, sopivan edun tullen teemme siit\u00e4 sopimuksen ja tiedotamme siit\u00e4 j\u00e4senillemme.On eritt\u00e4in toivottavaa, ett\u00e4 j\u00e4senet my\u00f6s k\u00e4ytt\u00e4isiv\u00e4t etuja aktiivisesti (paitsi vahinkojen sattuminen vakuutuseduissa), koska moniin etuihin liittyy niiden k\u00e4yt\u00f6n seuranta, joka taas vaikuttaa edun jatkuvuuteen. Useimmat eduista ovat mahdollisia vain varsinaisille &hellip; <\/p>\n<p><a class=\"more-link btn\" href=\"https:\/\/www.smll.fi\/?page_id=369\">Jatka lukemista<\/a><\/p>\n","protected":false},"author":1,"featured_media":2915,"parent":77,"menu_order":1,"comment_status":"closed","ping_status":"closed","template":"template-onecolumn.php","meta":{"footnotes":""},"class_list":["post-369","page","type-page","status-publish","has-post-thumbnail","hentry","nodate","item-wrap"],"_links":{"self":[{"href":"https:\/\/www.smll.fi\/index.php?rest_route=\/wp\/v2\/pages\/369","targetHints":{"allow":["GET"]}}],"collection":[{"href":"https:\/\/www.smll.fi\/index.php?rest_route=\/wp\/v2\/pages"}],"about":[{"href":"https:\/\/www.smll.fi\/index.php?rest_route=\/wp\/v2\/types\/page"}],"author":[{"embeddable":true,"href":"https:\/\/www.smll.fi\/index.php?rest_route=\/wp\/v2\/users\/1"}],"replies":[{"embeddable":true,"href":"https:\/\/www.smll.fi\/index.php?rest_route=%2Fwp%2Fv2%2Fcomments&post=369"}],"version-history":[{"count":20,"href":"https:\/\/www.smll.fi\/index.php?rest_route=\/wp\/v2\/pages\/369\/revisions"}],"predecessor-version":[{"id":3637,"href":"https:\/\/www.smll.fi\/index.php?rest_route=\/wp\/v2\/pages\/369\/revisions\/3637"}],"up":[{"embeddable":true,"href":"https:\/\/www.smll.fi\/index.php?rest_route=\/wp\/v2\/pages\/77"}],"wp:featuredmedia":[{"embeddable":true,"href":"https:\/\/www.smll.fi\/index.php?rest_route=\/wp\/v2\/media\/2915"}],"wp:attachment":[{"href":"https:\/\/www.smll.fi\/index.php?rest_route=%2Fwp%2Fv2%2Fmedia&parent=369"}],"curies":[{"name":"wp","href":"https:\/\/api.w.org\/{rel}","templated":true}]}}