{"id":1844,"date":"2020-11-16T19:49:48","date_gmt":"2020-11-16T19:49:48","guid":{"rendered":"http:\/\/www.smll.fi\/?page_id=1844"},"modified":"2021-03-12T16:36:21","modified_gmt":"2021-03-12T16:36:21","slug":"mika-on-smll","status":"publish","type":"page","link":"https:\/\/www.smll.fi\/?page_id=1844","title":{"rendered":"Mik\u00e4 on SMLL?"},"content":{"rendered":"<p>SMLL on lyhenne Suomen Moottorilent\u00e4jien Liitto ry:n nimest\u00e4. SMLL tunnetaan my\u00f6s nimell\u00e4 AOPA Finland.<\/p>\n<p>SMLL toimii yleishy\u00f6dyllisen\u00e4 etuj\u00e4rjest\u00f6n\u00e4 edist\u00e4m\u00e4ll\u00e4 Suomen yleisilmailua, erityisesti moottoroitujen ilma-alusten k\u00e4ytt\u00f6\u00e4 sek\u00e4 toimii j\u00e4sentens\u00e4 valtakunnallisena keskusj\u00e4rjest\u00f6n\u00e4. Toiminnan tavoitteita ovat muun muassa:<\/p>\n<ul>\n<li>Jatkuva ilmailuturvallisuuden parantaminen ja yll\u00e4pito<\/li>\n<li>S\u00e4\u00e4ntelyn pit\u00e4minen sopivana, jotta s\u00e4\u00e4nn\u00f6t olisivat mielekk\u00e4it\u00e4 ilman turhia rajoituksia tai haittavaikutuksia, mutta kuitenkin sis\u00e4lt\u00e4en tarvittavat asiat turvallisuuden ja selkeyden takaamiseksi.<\/li>\n<li>Kustannusten pit\u00e4minen siedett\u00e4vin\u00e4 ilmailijoille ja lentolaitteiden omistajille<\/li>\n<li>Tiedottaminen ajankohtaisista ja muuttuvista asioista j\u00e4senilleen<\/li>\n<li>J\u00e4senten neuvontapalvelut erilaisissa ilmailua koskevissa kysymyksiss\u00e4<\/li>\n<li>Tarjota j\u00e4senilleen ilmailun kannalta kaikkia mahdollisia etuja<\/li>\n<\/ul>\n<p>SMLL on t\u00e4ll\u00e4 hetkell\u00e4 Suomen merkitt\u00e4vin moottoroitujen ilma-alusten k\u00e4ytt\u00e4jien ja omistajien etuja ajava organisaatio.<\/p>\n<p class=\"western\"><span style=\"color: #00000a;\"><span style=\"font-size: medium;\"><span lang=\"fi-FI\">Suomen Moottorilent\u00e4jien Liitto ry. <\/span><\/span><\/span><span style=\"color: #00000a;\"><span style=\"font-size: medium;\"><span lang=\"fi-FI\">o<\/span><\/span><\/span><span style=\"color: #00000a;\"><span style=\"font-size: medium;\"><span lang=\"fi-FI\">n maailmanlaajuisen <a href=\"http:\/\/www.iaopa.org\/\">IAOPA<\/a>:n, International Aircraft Owners and Pilots Association, ja Euroopan alueella toimivan <a href=\"https:\/\/www.iaopa.eu\/\">IAOPA Europe<\/a>:n j\u00e4senj\u00e4rjest\u00f6.<\/span><\/span><\/span><\/p>\n<p>IAOPA on puolestaan maailman merkitt\u00e4vin ilmailuorganisaatio, se on voittoa tavoittelematon 84 itsen\u00e4isen, hallituksista ja valtioista riippumattomien kansallisten yleisilmailuj\u00e4rjest\u00f6jen yhteis\u00f6 ja johon kuuluu noin puoli miljoonaa ilmailijaa. SMLL hy\u00f6dynt\u00e4\u00e4 jatkuvasti IAOPA:n mahdollisuuksia ja sit\u00e4 kautta vaikuttaminen ja tiedon kulku tehostuu Euroopan ja jopa koko maailman laajuisesti.<\/p>\n\n\n<figure class=\"wp-block-video\"><video autoplay controls loop src=\"http:\/\/www.smll.fi\/wp-content\/uploads\/2021\/03\/SMLLAOPA_Taustavideo.mp4\" playsinline><\/video><figcaption><a href=\"https:\/\/iaopa.aopa.org\/\">IAOPA -kotisivu<\/a><\/figcaption><\/figure>\n\n\n\n<p><\/p>","protected":false},"excerpt":{"rendered":"<p>SMLL on lyhenne Suomen Moottorilent\u00e4jien Liitto ry:n nimest\u00e4. SMLL tunnetaan my\u00f6s nimell\u00e4 AOPA Finland. SMLL toimii yleishy\u00f6dyllisen\u00e4 etuj\u00e4rjest\u00f6n\u00e4 edist\u00e4m\u00e4ll\u00e4 Suomen yleisilmailua, erityisesti moottoroitujen ilma-alusten k\u00e4ytt\u00f6\u00e4 sek\u00e4 toimii j\u00e4sentens\u00e4 valtakunnallisena keskusj\u00e4rjest\u00f6n\u00e4. Toiminnan tavoitteita ovat muun muassa: Jatkuva ilmailuturvallisuuden parantaminen ja yll\u00e4pito S\u00e4\u00e4ntelyn pit\u00e4minen sopivana, jotta s\u00e4\u00e4nn\u00f6t olisivat mielekk\u00e4it\u00e4 ilman turhia rajoituksia tai haittavaikutuksia, mutta kuitenkin sis\u00e4lt\u00e4en &hellip; <\/p>\n<p><a class=\"more-link btn\" href=\"https:\/\/www.smll.fi\/?page_id=1844\">Jatka lukemista<\/a><\/p>\n","protected":false},"author":2,"featured_media":0,"parent":42,"menu_order":0,"comment_status":"closed","ping_status":"closed","template":"","meta":{"footnotes":""},"class_list":["post-1844","page","type-page","status-publish","hentry","nodate","item-wrap"],"_links":{"self":[{"href":"https:\/\/www.smll.fi\/index.php?rest_route=\/wp\/v2\/pages\/1844","targetHints":{"allow":["GET"]}}],"collection":[{"href":"https:\/\/www.smll.fi\/index.php?rest_route=\/wp\/v2\/pages"}],"about":[{"href":"https:\/\/www.smll.fi\/index.php?rest_route=\/wp\/v2\/types\/page"}],"author":[{"embeddable":true,"href":"https:\/\/www.smll.fi\/index.php?rest_route=\/wp\/v2\/users\/2"}],"replies":[{"embeddable":true,"href":"https:\/\/www.smll.fi\/index.php?rest_route=%2Fwp%2Fv2%2Fcomments&post=1844"}],"version-history":[{"count":10,"href":"https:\/\/www.smll.fi\/index.php?rest_route=\/wp\/v2\/pages\/1844\/revisions"}],"predecessor-version":[{"id":2796,"href":"https:\/\/www.smll.fi\/index.php?rest_route=\/wp\/v2\/pages\/1844\/revisions\/2796"}],"up":[{"embeddable":true,"href":"https:\/\/www.smll.fi\/index.php?rest_route=\/wp\/v2\/pages\/42"}],"wp:attachment":[{"href":"https:\/\/www.smll.fi\/index.php?rest_route=%2Fwp%2Fv2%2Fmedia&parent=1844"}],"curies":[{"name":"wp","href":"https:\/\/api.w.org\/{rel}","templated":true}]}}