{"id":3716,"date":"2026-04-28T19:41:39","date_gmt":"2026-04-28T19:41:39","guid":{"rendered":"https:\/\/www.smll.fi\/?page_id=3716"},"modified":"2026-04-28T19:48:07","modified_gmt":"2026-04-28T19:48:07","slug":"kaupalliset-yhteisojasenet","status":"publish","type":"page","link":"http:\/\/www.smll.fi\/?page_id=3716","title":{"rendered":"Kaupalliset yhteis\u00f6j\u00e4senet"},"content":{"rendered":"\n<ul class=\"wp-block-list\">\n<li><strong>Lentokoneet<\/strong>\n<ul class=\"wp-block-list\">\n<li><a href=\"https:\/\/europeanaircraftsales.com\/\" target=\"_blank\" rel=\"noreferrer noopener\">European Aircraft Sales<\/a>&nbsp;toimittaa uudet Piper- ja Aura Aero-ilma-alukset luotettavasti j\u00e4senillemme. Tarjoamme t\u00e4yden palvelun ohjausta ja v\u00e4lityst\u00e4 sek\u00e4 uusille ett\u00e4 k\u00e4ytetyille lentokoneille. Kun myyt lentokoneesi European Aircraft Salesille, hy\u00f6dyt yli 30 vuoden kokemuksesta ja vahvoista suhteista ilmailualalla.<\/li>\n<\/ul>\n<\/li>\n\n\n\n<li><\/li>\n<\/ul>\n\n\n\n<figure class=\"wp-block-image size-large\"><img loading=\"lazy\" decoding=\"async\" width=\"1024\" height=\"400\" src=\"http:\/\/www.smll.fi\/wp-content\/uploads\/2026\/04\/EAS-logo-1024x400.png\" alt=\"\" class=\"wp-image-3698\" srcset=\"http:\/\/www.smll.fi\/wp-content\/uploads\/2026\/04\/EAS-logo-1024x400.png 1024w, http:\/\/www.smll.fi\/wp-content\/uploads\/2026\/04\/EAS-logo-300x117.png 300w, http:\/\/www.smll.fi\/wp-content\/uploads\/2026\/04\/EAS-logo-768x300.png 768w, http:\/\/www.smll.fi\/wp-content\/uploads\/2026\/04\/EAS-logo-1536x601.png 1536w, http:\/\/www.smll.fi\/wp-content\/uploads\/2026\/04\/EAS-logo-750x293.png 750w, http:\/\/www.smll.fi\/wp-content\/uploads\/2026\/04\/EAS-logo.png 1928w\" sizes=\"auto, (max-width: 1024px) 100vw, 1024px\" \/><\/figure>\n\n\n\n<ul class=\"wp-block-list\">\n<li><strong>Polttoaineet ja \u00f6ljyt<\/strong>\n<ul class=\"wp-block-list\">\n<li><a href=\"https:\/\/www.kanair.fi\/\" target=\"_blank\" rel=\"noreferrer noopener\">Kanair Oy<\/a>&nbsp;toimittaa ilmailupolttoaineet ja \u00f6ljytuotteet ymp\u00e4ri Suomea kilpailukykyiseen&nbsp; hintaan.<\/li>\n<\/ul>\n<\/li>\n<\/ul>\n\n\n\n<figure class=\"wp-block-image size-full\"><img loading=\"lazy\" decoding=\"async\" width=\"800\" height=\"134\" src=\"http:\/\/www.smll.fi\/wp-content\/uploads\/2026\/04\/KanAir_punainen.png\" alt=\"\" class=\"wp-image-3696\" srcset=\"http:\/\/www.smll.fi\/wp-content\/uploads\/2026\/04\/KanAir_punainen.png 800w, http:\/\/www.smll.fi\/wp-content\/uploads\/2026\/04\/KanAir_punainen-300x50.png 300w, http:\/\/www.smll.fi\/wp-content\/uploads\/2026\/04\/KanAir_punainen-768x129.png 768w, http:\/\/www.smll.fi\/wp-content\/uploads\/2026\/04\/KanAir_punainen-750x126.png 750w\" sizes=\"auto, (max-width: 800px) 100vw, 800px\" \/><\/figure>\n\n\n\n<ul class=\"wp-block-list\">\n<li><strong>Vakuutukset<\/strong>:\n<ul class=\"wp-block-list\">\n<li><strong>Lentokonevakuutukset<\/strong>, j\u00e4senillemme on tarjolla my\u00f6s edullisia ja kilpailukykyisi\u00e4 lentokonevakuutuksia AOPA-yhteisty\u00f6n\u00e4, t\u00e4yt\u00e4 riskikartoitus <a href=\"http:\/\/www.smll.fi\/forum\/\" target=\"_blank\" rel=\"noreferrer noopener\">j\u00e4senfoorumilla<\/a> ja toimi siell\u00e4 olevan ohjeen mukaan. Yhteisty\u00f6kumppaneitamme on mm. Visicover Ltd. jonka esite on <a href=\"http:\/\/www.smll.fi\/wp-content\/uploads\/2018\/10\/Visicover-Overview-Poster.pdf\">t\u00e4\u00e4ll\u00e4<\/a>.<\/li>\n<\/ul>\n<\/li>\n<\/ul>\n\n\n<div class=\"wp-block-image\">\n<figure class=\"aligncenter size-full\"><img loading=\"lazy\" decoding=\"async\" width=\"166\" height=\"56\" src=\"http:\/\/www.smll.fi\/wp-content\/uploads\/2021\/03\/Visicover.png\" alt=\"\" class=\"wp-image-2938\"\/><figcaption class=\"wp-element-caption\">Visicover -vakuutukset<\/figcaption><\/figure><\/div>","protected":false},"excerpt":{"rendered":"","protected":false},"author":2,"featured_media":0,"parent":0,"menu_order":0,"comment_status":"closed","ping_status":"closed","template":"","meta":{"footnotes":""},"class_list":["post-3716","page","type-page","status-publish","hentry","nodate","item-wrap"],"_links":{"self":[{"href":"http:\/\/www.smll.fi\/index.php?rest_route=\/wp\/v2\/pages\/3716","targetHints":{"allow":["GET"]}}],"collection":[{"href":"http:\/\/www.smll.fi\/index.php?rest_route=\/wp\/v2\/pages"}],"about":[{"href":"http:\/\/www.smll.fi\/index.php?rest_route=\/wp\/v2\/types\/page"}],"author":[{"embeddable":true,"href":"http:\/\/www.smll.fi\/index.php?rest_route=\/wp\/v2\/users\/2"}],"replies":[{"embeddable":true,"href":"http:\/\/www.smll.fi\/index.php?rest_route=%2Fwp%2Fv2%2Fcomments&post=3716"}],"version-history":[{"count":3,"href":"http:\/\/www.smll.fi\/index.php?rest_route=\/wp\/v2\/pages\/3716\/revisions"}],"predecessor-version":[{"id":3724,"href":"http:\/\/www.smll.fi\/index.php?rest_route=\/wp\/v2\/pages\/3716\/revisions\/3724"}],"wp:attachment":[{"href":"http:\/\/www.smll.fi\/index.php?rest_route=%2Fwp%2Fv2%2Fmedia&parent=3716"}],"curies":[{"name":"wp","href":"https:\/\/api.w.org\/{rel}","templated":true}]}}